{"id":224,"date":"2015-01-23T13:57:19","date_gmt":"2015-01-23T12:57:19","guid":{"rendered":"https:\/\/www.kampeerverblijfparkdiepvennen.be\/?page_id=224"},"modified":"2018-11-14T17:37:00","modified_gmt":"2018-11-14T16:37:00","slug":"le-camping-diepvennen","status":"publish","type":"page","link":"https:\/\/www.kampeerverblijfparkdiepvennen.be\/fr\/","title":{"rendered":"Le parc r\u00e9sidentiel Diepvennen"},"content":{"rendered":"<p>Le&nbsp;parc r\u00e9sidentiel&nbsp;Diepvennen est l&rsquo;endroit id\u00e9al pour s\u2019arr\u00eater un instant et profiter d\u2019un repos b\u00e9n\u00e9fique dans un agr\u00e9able coin de nature. Prenez le temps de consulter notre website et voyez ce que nous pouvons vous offrir.<\/p>\n","protected":false},"excerpt":{"rendered":"<p>Le&nbsp;parc r\u00e9sidentiel&nbsp;Diepvennen est l&rsquo;endroit id\u00e9al pour s\u2019arr\u00eater un instant et profiter d\u2019un repos b\u00e9n\u00e9fique dans un agr\u00e9able coin de nature. Prenez le temps de consulter notre website et voyez ce que nous pouvons vous offrir.<\/p>\n","protected":false},"author":1,"featured_media":79,"parent":0,"menu_order":-999,"comment_status":"closed","ping_status":"closed","template":"","meta":{"ngg_post_thumbnail":0,"footnotes":""},"class_list":["post-224","page","type-page","status-publish","has-post-thumbnail","hentry"],"_links":{"self":[{"href":"https:\/\/www.kampeerverblijfparkdiepvennen.be\/fr\/wp-json\/wp\/v2\/pages\/224","targetHints":{"allow":["GET"]}}],"collection":[{"href":"https:\/\/www.kampeerverblijfparkdiepvennen.be\/fr\/wp-json\/wp\/v2\/pages"}],"about":[{"href":"https:\/\/www.kampeerverblijfparkdiepvennen.be\/fr\/wp-json\/wp\/v2\/types\/page"}],"author":[{"embeddable":true,"href":"https:\/\/www.kampeerverblijfparkdiepvennen.be\/fr\/wp-json\/wp\/v2\/users\/1"}],"replies":[{"embeddable":true,"href":"https:\/\/www.kampeerverblijfparkdiepvennen.be\/fr\/wp-json\/wp\/v2\/comments?post=224"}],"version-history":[{"count":4,"href":"https:\/\/www.kampeerverblijfparkdiepvennen.be\/fr\/wp-json\/wp\/v2\/pages\/224\/revisions"}],"predecessor-version":[{"id":1035,"href":"https:\/\/www.kampeerverblijfparkdiepvennen.be\/fr\/wp-json\/wp\/v2\/pages\/224\/revisions\/1035"}],"wp:featuredmedia":[{"embeddable":true,"href":"https:\/\/www.kampeerverblijfparkdiepvennen.be\/fr\/wp-json\/wp\/v2\/media\/79"}],"wp:attachment":[{"href":"https:\/\/www.kampeerverblijfparkdiepvennen.be\/fr\/wp-json\/wp\/v2\/media?parent=224"}],"curies":[{"name":"wp","href":"https:\/\/api.w.org\/{rel}","templated":true}]}}