{"id":226,"date":"2015-01-23T14:04:37","date_gmt":"2015-01-23T13:04:37","guid":{"rendered":"https:\/\/www.kampeerverblijfparkdiepvennen.be\/?page_id=226"},"modified":"2017-09-19T10:36:17","modified_gmt":"2017-09-19T08:36:17","slug":"etang-de-natation","status":"publish","type":"page","link":"https:\/\/www.kampeerverblijfparkdiepvennen.be\/fr\/etang-de-natation\/","title":{"rendered":"Etang de natation"},"content":{"rendered":"<p>Un grand \u00e9tang de natation et un bassin pour enfants vous procureront maintes heures de plaisirs.<\/p>\n<p>\u201cDiepvennen\u201d obtient chaque ann\u00e9e le Drapeau Bleu. C&rsquo;est un label international de qualit\u00e9 pour un tourisme et des loisirs durables. Les plages, les zones de baignade et des ports de plaisance qui voient flotter le Drapeau Bleu se distinguent en termes de sensibilisation et d&rsquo;\u00e9ducation, de qualit\u00e9 de l&rsquo;eau, de gestion environnementale et durable, de s\u00e9curit\u00e9, de services et d&rsquo;accessibilit\u00e9. http:\/\/www.goodplanet.be\/pavillonbleu<\/p>\n<p>Il y a aussi une plaine de jeux pour enfants avec des tables de tennis, un terrain de volley, terrain de tennis et des pistes de p\u00e9tanque.<\/p>\n","protected":false},"excerpt":{"rendered":"<p>Un grand \u00e9tang de natation et un bassin pour enfants vous procureront maintes heures de plaisirs. \u201cDiepvennen\u201d obtient chaque ann\u00e9e le Drapeau Bleu. C&rsquo;est un label international de qualit\u00e9 pour un tourisme et des loisirs durables. Les plages, les zones de baignade et des ports de plaisance qui voient flotter le Drapeau Bleu se distinguent [&hellip;]<\/p>\n","protected":false},"author":1,"featured_media":87,"parent":0,"menu_order":2,"comment_status":"closed","ping_status":"closed","template":"","meta":{"ngg_post_thumbnail":0,"footnotes":""},"class_list":["post-226","page","type-page","status-publish","has-post-thumbnail","hentry"],"_links":{"self":[{"href":"https:\/\/www.kampeerverblijfparkdiepvennen.be\/fr\/wp-json\/wp\/v2\/pages\/226","targetHints":{"allow":["GET"]}}],"collection":[{"href":"https:\/\/www.kampeerverblijfparkdiepvennen.be\/fr\/wp-json\/wp\/v2\/pages"}],"about":[{"href":"https:\/\/www.kampeerverblijfparkdiepvennen.be\/fr\/wp-json\/wp\/v2\/types\/page"}],"author":[{"embeddable":true,"href":"https:\/\/www.kampeerverblijfparkdiepvennen.be\/fr\/wp-json\/wp\/v2\/users\/1"}],"replies":[{"embeddable":true,"href":"https:\/\/www.kampeerverblijfparkdiepvennen.be\/fr\/wp-json\/wp\/v2\/comments?post=226"}],"version-history":[{"count":3,"href":"https:\/\/www.kampeerverblijfparkdiepvennen.be\/fr\/wp-json\/wp\/v2\/pages\/226\/revisions"}],"predecessor-version":[{"id":986,"href":"https:\/\/www.kampeerverblijfparkdiepvennen.be\/fr\/wp-json\/wp\/v2\/pages\/226\/revisions\/986"}],"wp:featuredmedia":[{"embeddable":true,"href":"https:\/\/www.kampeerverblijfparkdiepvennen.be\/fr\/wp-json\/wp\/v2\/media\/87"}],"wp:attachment":[{"href":"https:\/\/www.kampeerverblijfparkdiepvennen.be\/fr\/wp-json\/wp\/v2\/media?parent=226"}],"curies":[{"name":"wp","href":"https:\/\/api.w.org\/{rel}","templated":true}]}}