{"id":235,"date":"2015-01-23T14:09:44","date_gmt":"2015-01-23T13:09:44","guid":{"rendered":"https:\/\/www.kampeerverblijfparkdiepvennen.be\/?page_id=235"},"modified":"2018-11-14T17:58:24","modified_gmt":"2018-11-14T16:58:24","slug":"sports-fr","status":"publish","type":"page","link":"https:\/\/www.kampeerverblijfparkdiepvennen.be\/fr\/accomodations\/sports-fr\/","title":{"rendered":"Sports"},"content":{"rendered":"<p>Un lac de 3ha offre aux p\u00eacheurs les plus exigeants, la possibilit\u00e9 de pratiquer leur sport favori dans les meilleures conditions.<\/p>\n<p>Un grand bassin de natation et un bassin pour enfants vous procureront maintes heures de plaisirs.<\/p>\n<p>\u201cDiepvennen\u201d obtient chaque ann\u00e9e la Distinction Europ\u00e9enne pour la bonne qualit\u00e9 de l\u2019eau du bassin de natation.<\/p>\n<p>Il y a aussi une plaine de jeux pour enfants avec des tables de tennis, un terrain de footh, terrain de tennis et des pistes de p\u00e9tanque.<\/p>\n","protected":false},"excerpt":{"rendered":"<p>Un lac de 3ha offre aux p\u00eacheurs les plus exigeants, la possibilit\u00e9 de pratiquer leur sport favori dans les meilleures conditions. Un grand bassin de natation et un bassin pour enfants vous procureront maintes heures de plaisirs. \u201cDiepvennen\u201d obtient chaque ann\u00e9e la Distinction Europ\u00e9enne pour la bonne qualit\u00e9 de l\u2019eau du bassin de natation. Il [&hellip;]<\/p>\n","protected":false},"author":1,"featured_media":91,"parent":228,"menu_order":3,"comment_status":"closed","ping_status":"closed","template":"","meta":{"ngg_post_thumbnail":0,"footnotes":""},"class_list":["post-235","page","type-page","status-publish","has-post-thumbnail","hentry"],"_links":{"self":[{"href":"https:\/\/www.kampeerverblijfparkdiepvennen.be\/fr\/wp-json\/wp\/v2\/pages\/235","targetHints":{"allow":["GET"]}}],"collection":[{"href":"https:\/\/www.kampeerverblijfparkdiepvennen.be\/fr\/wp-json\/wp\/v2\/pages"}],"about":[{"href":"https:\/\/www.kampeerverblijfparkdiepvennen.be\/fr\/wp-json\/wp\/v2\/types\/page"}],"author":[{"embeddable":true,"href":"https:\/\/www.kampeerverblijfparkdiepvennen.be\/fr\/wp-json\/wp\/v2\/users\/1"}],"replies":[{"embeddable":true,"href":"https:\/\/www.kampeerverblijfparkdiepvennen.be\/fr\/wp-json\/wp\/v2\/comments?post=235"}],"version-history":[{"count":3,"href":"https:\/\/www.kampeerverblijfparkdiepvennen.be\/fr\/wp-json\/wp\/v2\/pages\/235\/revisions"}],"predecessor-version":[{"id":1046,"href":"https:\/\/www.kampeerverblijfparkdiepvennen.be\/fr\/wp-json\/wp\/v2\/pages\/235\/revisions\/1046"}],"up":[{"embeddable":true,"href":"https:\/\/www.kampeerverblijfparkdiepvennen.be\/fr\/wp-json\/wp\/v2\/pages\/228"}],"wp:featuredmedia":[{"embeddable":true,"href":"https:\/\/www.kampeerverblijfparkdiepvennen.be\/fr\/wp-json\/wp\/v2\/media\/91"}],"wp:attachment":[{"href":"https:\/\/www.kampeerverblijfparkdiepvennen.be\/fr\/wp-json\/wp\/v2\/media?parent=235"}],"curies":[{"name":"wp","href":"https:\/\/api.w.org\/{rel}","templated":true}]}}