{"id":239,"date":"2015-01-23T14:12:28","date_gmt":"2015-01-23T13:12:28","guid":{"rendered":"https:\/\/www.kampeerverblijfparkdiepvennen.be\/?page_id=239"},"modified":"2018-11-15T10:58:36","modified_gmt":"2018-11-15T09:58:36","slug":"le-camping","status":"publish","type":"page","link":"https:\/\/www.kampeerverblijfparkdiepvennen.be\/fr\/le-camping\/","title":{"rendered":"Le terrain"},"content":{"rendered":"<p>Comme r\u00e9sident vous campez sur de grandes surfaces, o\u00f9 il y a possiblit\u00e9 de se brancher sur le r\u00e9seau \u00e9l\u00e9ctrique. De nombreux points d\u2019eau sont disponibles. Les places annuelles disposent aussi d\u2019un raccordement \u00e0 l\u2019eau courante et d\u2019une \u00e9vacuation pour les eaux us\u00e9es.<\/p>\n","protected":false},"excerpt":{"rendered":"<p>Comme r\u00e9sident vous campez sur de grandes surfaces, o\u00f9 il y a possiblit\u00e9 de se brancher sur le r\u00e9seau \u00e9l\u00e9ctrique. De nombreux points d\u2019eau sont disponibles. Les places annuelles disposent aussi d\u2019un raccordement \u00e0 l\u2019eau courante et d\u2019une \u00e9vacuation pour les eaux us\u00e9es.<\/p>\n","protected":false},"author":1,"featured_media":94,"parent":0,"menu_order":4,"comment_status":"closed","ping_status":"closed","template":"","meta":{"ngg_post_thumbnail":0,"footnotes":""},"class_list":["post-239","page","type-page","status-publish","has-post-thumbnail","hentry"],"_links":{"self":[{"href":"https:\/\/www.kampeerverblijfparkdiepvennen.be\/fr\/wp-json\/wp\/v2\/pages\/239","targetHints":{"allow":["GET"]}}],"collection":[{"href":"https:\/\/www.kampeerverblijfparkdiepvennen.be\/fr\/wp-json\/wp\/v2\/pages"}],"about":[{"href":"https:\/\/www.kampeerverblijfparkdiepvennen.be\/fr\/wp-json\/wp\/v2\/types\/page"}],"author":[{"embeddable":true,"href":"https:\/\/www.kampeerverblijfparkdiepvennen.be\/fr\/wp-json\/wp\/v2\/users\/1"}],"replies":[{"embeddable":true,"href":"https:\/\/www.kampeerverblijfparkdiepvennen.be\/fr\/wp-json\/wp\/v2\/comments?post=239"}],"version-history":[{"count":2,"href":"https:\/\/www.kampeerverblijfparkdiepvennen.be\/fr\/wp-json\/wp\/v2\/pages\/239\/revisions"}],"predecessor-version":[{"id":1052,"href":"https:\/\/www.kampeerverblijfparkdiepvennen.be\/fr\/wp-json\/wp\/v2\/pages\/239\/revisions\/1052"}],"wp:featuredmedia":[{"embeddable":true,"href":"https:\/\/www.kampeerverblijfparkdiepvennen.be\/fr\/wp-json\/wp\/v2\/media\/94"}],"wp:attachment":[{"href":"https:\/\/www.kampeerverblijfparkdiepvennen.be\/fr\/wp-json\/wp\/v2\/media?parent=239"}],"curies":[{"name":"wp","href":"https:\/\/api.w.org\/{rel}","templated":true}]}}