{"id":247,"date":"2015-01-23T14:24:26","date_gmt":"2015-01-23T13:24:26","guid":{"rendered":"https:\/\/www.kampeerverblijfparkdiepvennen.be\/?page_id=247"},"modified":"2026-02-19T16:10:10","modified_gmt":"2026-02-19T15:10:10","slug":"tarifs","status":"publish","type":"page","link":"https:\/\/www.kampeerverblijfparkdiepvennen.be\/fr\/tarifs\/","title":{"rendered":"Tarifs"},"content":{"rendered":"<h2>Tarif 2026 pour PLACES RESIDENTIELLES<\/h2>\n<table class=\"prijzen\" style=\"width: 100%; height: 308px;\">\n<tbody>\n<tr style=\"height: 24px;\">\n<td style=\"height: 24px;\">Surface<\/td>\n<td style=\"height: 24px;\">&nbsp;<\/td>\n<td style=\"height: 24px;\">&nbsp;<\/td>\n<\/tr>\n<tr style=\"height: 24px;\">\n<td style=\"height: 24px;\">80m\u00b2<\/td>\n<td style=\"height: 24px;\">\u20ac<\/td>\n<td style=\"height: 24px;\">2340,00<\/td>\n<\/tr>\n<tr style=\"height: 24px;\">\n<td style=\"height: 24px;\">90m\u00b2<\/td>\n<td style=\"height: 24px;\">\u20ac<\/td>\n<td style=\"height: 24px;\">2520,00<\/td>\n<\/tr>\n<tr style=\"height: 24px;\">\n<td style=\"height: 20px;\">100m\u00b2<\/td>\n<td style=\"height: 20px;\">\u20ac<\/td>\n<td style=\"height: 20px;\">2700,00<\/td>\n<\/tr>\n<tr style=\"height: 24px;\">\n<td style=\"height: 24px;\">110m\u00b2<\/td>\n<td style=\"height: 24px;\">\u20ac<\/td>\n<td style=\"height: 24px;\">2890,00<\/td>\n<\/tr>\n<tr style=\"height: 24px;\">\n<td style=\"height: 24px;\">120m\u00b2<\/td>\n<td style=\"height: 24px;\">\u20ac<\/td>\n<td style=\"height: 24px;\">3070,00<\/td>\n<\/tr>\n<tr style=\"height: 24px;\">\n<td style=\"height: 24px;\">130m\u00b2<\/td>\n<td style=\"height: 24px;\">\u20ac<\/td>\n<td style=\"height: 24px;\">3250,00<\/td>\n<\/tr>\n<tr style=\"height: 24px;\">\n<td style=\"height: 24px;\">140m\u00b2<\/td>\n<td style=\"height: 24px;\">\u20ac<\/td>\n<td style=\"height: 24px;\">3430,00<\/td>\n<\/tr>\n<tr style=\"height: 24px;\">\n<td style=\"height: 24px;\">150m\u00b2<\/td>\n<td style=\"height: 24px;\">\u20ac<\/td>\n<td style=\"height: 24px;\">3620,00<\/td>\n<\/tr>\n<tr style=\"height: 24px;\">\n<td style=\"height: 24px;\">160m\u00b2<\/td>\n<td style=\"height: 24px;\">\u20ac<\/td>\n<td style=\"height: 24px;\">3800,00<\/td>\n<\/tr>\n<tr style=\"height: 24px;\">\n<td style=\"height: 24px;\">200m\u00b2<\/td>\n<td style=\"height: 24px;\">\u20ac<\/td>\n<td style=\"height: 24px;\">4490,00<\/td>\n<\/tr>\n<tr style=\"height: 24px;\">\n<td style=\"height: 24px;\">240m\u00b2<\/td>\n<td style=\"height: 24px;\">\u20ac<\/td>\n<td style=\"height: 24px;\">5170,00<\/td>\n<\/tr>\n<tr style=\"height: 24px;\">\n<td style=\"height: 24px;\">280m\u00b2<\/td>\n<td style=\"height: 24px;\">\u20ac<\/td>\n<td style=\"height: 24px;\">5850,00<\/td>\n<\/tr>\n<\/tbody>\n<\/table>\n<p>Compris dans ces prix:<\/p>\n<ul>\n<li>Location de l\u2019emplacement du 01\/01 au 31\/12.<\/li>\n<li>2 personnes et 1 auto.<\/li>\n<li>Taxe communale.<\/li>\n<li>Taxe de l\u2019environnement sur les eaux us\u00e9es.<\/li>\n<\/ul>\n<p>Non compris dans ces prix:<\/p>\n<ul>\n<li>A partir de la 3\u00e8me personne:\n<ul>\n<li>Adulte: \u20ac 150,00<\/li>\n<li>Enfant (6-11ans): \u20ac 106,00<\/li>\n<li>R\u00e9duction sp\u00e9ciale pour les locataires avec enfant(s) : abonnement(s) \u00e0 50% pour \u00ab\u00a0propres\u00a0\u00bb enfant(s) et petit(s)-enfant(s).<\/li>\n<\/ul>\n<\/li>\n<li>Auto suppl\u00e9mentaire: \u20ac 95,00<\/li>\n<li>Raccordement \u00e0 l\u2019eau: \u20ac 100,00<\/li>\n<li>Douche ou bain ou machine \u00e0 laver: \u20ac 100,00<\/li>\n<li>Electricit\u00e9: \u20ac 0,74\/KW (sous r\u00e9serve de changement)<\/li>\n<\/ul>\n<h2>&nbsp;<\/h2>\n<h3>Journ\u00e9e visiteur<\/h3>\n<ul>\n<li>Adulte \/ Enfant (\u00e0 partir de 6ans): \u20ac 3,00<\/li>\n<\/ul>\n<h3>Nageurs (de 11h &#8211; 19h)<\/h3>\n<ul>\n<li>Adulte: \u20ac 7,00<\/li>\n<li>Enfant (3-11ans): \u20ac 6,00<\/li>\n<\/ul>\n<h3>Nuit\u00e9e (24h. = de 12h &#8211; 12h)<\/h3>\n<ul>\n<li>Adulte: \u20ac 7,00<\/li>\n<li>Enfant (6-11ans): \u20ac 6,00<\/li>\n<\/ul>\n<h2>&nbsp;<\/h2>\n<h2>Tarif 2026 pour campeurs de passage<\/h2>\n<h3>1 Nuit (24h. = de 12h. \u00e0 12h.).<\/h3>\n<ul>\n<li>Emplacement: \u20ac 17,00 (tente + 1 personne et bicyclette)<\/li>\n<li>Emplacement: \u20ac 21,00 (tente + 2 personnes et bicyclettes)<\/li>\n<li>Emplacement: \u20ac 24,00 (2 tentes + 2 personnes et bicyclettes)<\/li>\n<li>Emplacement: \u20ac 34,00 (caravane ou tente + 1 ou 2 personnes et 1 auto, sans \u00e9lectricit\u00e9)<\/li>\n<li>A partir de la 3\u00e9me personne:\n<ul>\n<li>Adulte: \u20ac 7,00<\/li>\n<li>Enfant (6-11ans): \u20ac 6,00<\/li>\n<\/ul>\n<\/li>\n<li>Raccordement \u00e0 l\u2019\u00e9lectricit\u00e9: \u20ac 4,00<\/li>\n<li>Auto, caravane, tente ou remorque suppl\u00e9mentaire: \u20ac 5,00<\/li>\n<\/ul>\n<h3>1 semaine<\/h3>\n<ul>\n<li>Emplacement: \u20ac 85,00 (tente + 1 personne et bicyclette)<\/li>\n<li>Emplacement: \u20ac 105,00 (tente + 2 personnes et bicyclettes)<\/li>\n<li>Emplacement: \u20ac 120,00 (2 tentes + 2 personnes et bicyclettes)<\/li>\n<li>Emplacement: \u20ac 180,00 (caravane ou tente + 2 personnes et 1 auto, sans \u00e9lectricit\u00e9)<\/li>\n<li>A partir de la 3\u00e9me personne:\n<ul>\n<li>Adulte: \u20ac 35,00<\/li>\n<li>Enfant (6-11ans): \u20ac 30,00<\/li>\n<\/ul>\n<\/li>\n<li>Raccordement \u00e0 l\u2019\u00e9lectricit\u00e9: \u20ac 20,00<\/li>\n<li>Auto, caravane, tente ou remorque suppl\u00e9mentaire: \u20ac 25,00<\/li>\n<\/ul>\n<h3>1 mois<\/h3>\n<ul>\n<li>Emplacement: \u20ac 540,00 (Caravane ou tente + 2 personnes et 1 auto, sans \u00e9lectricit\u00e9)<\/li>\n<li>A partir de la 3\u00e9me personne:\n<ul>\n<li>Adulte: \u20ac 105,00<\/li>\n<li>Enfant (6-11ans): \u20ac 90,00<\/li>\n<\/ul>\n<\/li>\n<li>Raccordement \u00e0 l\u2019\u00e9lectricit\u00e9: \u20ac 60,00<\/li>\n<li>Auto, caravane, tente ou remorque suppl\u00e9mentaire: \u20ac 75,00<\/li>\n<\/ul>\n<p><strong>Les jetons pour la douche ne sont pas compris dans ces prix. Prix pour 1 jeton = 1 euro.<\/strong><\/p>\n<h2>&nbsp;<\/h2>\n<h2>Tarif 2026 location studio<\/h2>\n<table class=\"prijzen\">\n<tbody>\n<tr>\n<td>P\u00e9riode<\/td>\n<td>&nbsp;<\/td>\n<td>&nbsp;<\/td>\n<\/tr>\n<tr>\n<td>1 semaine<\/td>\n<td>\u20ac<\/td>\n<td>400,00<\/td>\n<\/tr>\n<tr>\n<td>1 mois<\/td>\n<td>\u20ac<\/td>\n<td>1000,00<\/td>\n<\/tr>\n<tr>\n<td>2 mois<\/td>\n<td>\u20ac<\/td>\n<td>1650,00<\/td>\n<\/tr>\n<\/tbody>\n<\/table>\n<p>Tarif sur demande pour une p\u00e9riode plus longue.<br \/>\nNon compris dans ces prix:<\/p>\n<ul>\n<li>Garantie: \u20ac 200,00<\/li>\n<\/ul>\n<h2>&nbsp;<\/h2>\n<h2>Tarif 2026 location ch\u00e2let de luxe<\/h2>\n<table class=\"prijzen\">\n<tbody>\n<tr>\n<td>P\u00e9riode<\/td>\n<td>&nbsp;<\/td>\n<td>&nbsp;<\/td>\n<\/tr>\n<tr>\n<td><strong>Juillet\/Ao\u00fbt<\/strong><\/td>\n<td>&nbsp;<\/td>\n<td>&nbsp;<\/td>\n<\/tr>\n<tr>\n<td>1 semaine<\/td>\n<td>\u20ac<\/td>\n<td>580,00<\/td>\n<\/tr>\n<tr>\n<td>2 semaines<\/td>\n<td>\u20ac<\/td>\n<td>1050,00<\/td>\n<\/tr>\n<tr>\n<td>1 mois<\/td>\n<td>\u20ac<\/td>\n<td>1660,00<\/td>\n<\/tr>\n<tr>\n<td>2 mois<\/td>\n<td>\u20ac<\/td>\n<td>2800,00<\/td>\n<\/tr>\n<tr>\n<td><strong>Autre p\u00e9riode<\/strong><\/td>\n<td>&nbsp;<\/td>\n<td>&nbsp;<\/td>\n<\/tr>\n<tr>\n<td>1 semaine<\/td>\n<td>\u20ac<\/td>\n<td>500,00<\/td>\n<\/tr>\n<tr>\n<td>2 semaines<\/td>\n<td>\u20ac<\/td>\n<td>950,00<\/td>\n<\/tr>\n<tr>\n<td>1 mois<\/td>\n<td>\u20ac<\/td>\n<td>1500,00<\/td>\n<\/tr>\n<tr>\n<td>2 mois<\/td>\n<td>\u20ac<\/td>\n<td>2500,00<\/td>\n<\/tr>\n<\/tbody>\n<\/table>\n<p>Tarif sur demande pour une p\u00e9riode plus longue.<br \/>\nNon compris dans ces prix:<\/p>\n<ul>\n<li>Garantie: \u20ac 200,00<\/li>\n<\/ul>\n<h2>&nbsp;<\/h2>\n<h2>Tarif 2026 location maisonettes de camping<\/h2>\n<table class=\"prijzen\">\n<tbody>\n<tr>\n<td>P\u00e9riode<\/td>\n<td>&nbsp;<\/td>\n<td>&nbsp;<\/td>\n<\/tr>\n<tr>\n<td>1 nuit<\/td>\n<td>\u20ac<\/td>\n<td>55,00<\/td>\n<\/tr>\n<tr>\n<td>1 semaine<\/td>\n<td>\u20ac<\/td>\n<td>280,00<\/td>\n<\/tr>\n<tr>\n<td>1 mois<\/td>\n<td>\u20ac<\/td>\n<td>850,00<\/td>\n<\/tr>\n<\/tbody>\n<\/table>\n","protected":false},"excerpt":{"rendered":"<p>Tarif 2026 pour PLACES RESIDENTIELLES Surface &nbsp; &nbsp; 80m\u00b2 \u20ac 2340,00 90m\u00b2 \u20ac 2520,00 100m\u00b2 \u20ac 2700,00 110m\u00b2 \u20ac 2890,00 120m\u00b2 \u20ac 3070,00 130m\u00b2 \u20ac 3250,00 140m\u00b2 \u20ac 3430,00 150m\u00b2 \u20ac 3620,00 160m\u00b2 \u20ac 3800,00 200m\u00b2 \u20ac 4490,00 240m\u00b2 \u20ac 5170,00 280m\u00b2 \u20ac 5850,00 Compris dans ces prix: Location de l\u2019emplacement du 01\/01 au 31\/12. [&hellip;]<\/p>\n","protected":false},"author":1,"featured_media":0,"parent":0,"menu_order":6,"comment_status":"closed","ping_status":"closed","template":"","meta":{"ngg_post_thumbnail":0,"footnotes":""},"class_list":["post-247","page","type-page","status-publish","hentry"],"_links":{"self":[{"href":"https:\/\/www.kampeerverblijfparkdiepvennen.be\/fr\/wp-json\/wp\/v2\/pages\/247","targetHints":{"allow":["GET"]}}],"collection":[{"href":"https:\/\/www.kampeerverblijfparkdiepvennen.be\/fr\/wp-json\/wp\/v2\/pages"}],"about":[{"href":"https:\/\/www.kampeerverblijfparkdiepvennen.be\/fr\/wp-json\/wp\/v2\/types\/page"}],"author":[{"embeddable":true,"href":"https:\/\/www.kampeerverblijfparkdiepvennen.be\/fr\/wp-json\/wp\/v2\/users\/1"}],"replies":[{"embeddable":true,"href":"https:\/\/www.kampeerverblijfparkdiepvennen.be\/fr\/wp-json\/wp\/v2\/comments?post=247"}],"version-history":[{"count":17,"href":"https:\/\/www.kampeerverblijfparkdiepvennen.be\/fr\/wp-json\/wp\/v2\/pages\/247\/revisions"}],"predecessor-version":[{"id":1116,"href":"https:\/\/www.kampeerverblijfparkdiepvennen.be\/fr\/wp-json\/wp\/v2\/pages\/247\/revisions\/1116"}],"wp:attachment":[{"href":"https:\/\/www.kampeerverblijfparkdiepvennen.be\/fr\/wp-json\/wp\/v2\/media?parent=247"}],"curies":[{"name":"wp","href":"https:\/\/api.w.org\/{rel}","templated":true}]}}